{"id":433,"date":"2024-08-26T16:18:27","date_gmt":"2024-08-26T14:18:27","guid":{"rendered":"https:\/\/www.kolibaklin.sk\/?page_id=433"},"modified":"2024-11-18T13:06:34","modified_gmt":"2024-11-18T12:06:34","slug":"o-nas","status":"publish","type":"page","link":"https:\/\/www.kolibaklin.sk\/en\/o-nas\/","title":{"rendered":"About us"},"content":{"rendered":"\n\n\n\n\t\t<section class=\"textblock  bg-transparent \">\n\t\t\t<div class=\"inner\">\n\t\t\t\t\t\t\t\t<div class=\"acf-texts\">\n\n<h2 class=\"wp-block-heading has-text-align-center\">PIZZERIA KOLIBA<\/h2>\n\n\n\n<h4 class=\"wp-block-heading has-text-align-center has-black-color has-text-color has-link-color wp-elements-96219bee2cbe6c356e7ca358e9bafe9d\">PIZZERIA KOLIBA sa nach\u00e1dza v obci Klin v bl\u00edzkom okol\u00ed okresn\u00e9ho mesta N\u00e1mestovo.<\/h4>\n\n\n\n<div class=\"wp-block-columns is-style-has-column-image-separator is-layout-flex wp-container-core-columns-is-layout-28f84493 wp-block-columns-is-layout-flex\">\n<div class=\"wp-block-column is-layout-flow wp-block-column-is-layout-flow\">\n<p>Koliba V\u00e1m pon\u00fakne pr\u00edjemn\u00e9 posedenie v \u0161t\u00fdle tradi\u010dnej drevenej architekt\u00fary. Vn\u00fatorn\u00e1 \u010das\u0165 je rozdelen\u00e1 na dve miestnosti &#8211; faj\u010diarsku a nefaj\u010diarsku. Miestnosti s\u00fa vybaven\u00e9 vzduchotechnikou.<\/p>\n\n\n\n<p>Jed\u00e1le\u0148 s kapacitou 60 \u013eud\u00ed,na pr\u00edzem\u00ed je zariaden\u00e1 v \u013eudovo \u0161t\u00fdle, nach\u00e1dza sa tam krb, telev\u00edzor. Konaj\u00fa sa tu folkl\u00f3rne posedenia v sprievode r\u00f4znych zn\u00e1mych \u013eudov\u00fdch hudobn\u00edkov a skup\u00edn ako napr\u00edklad, R<strong>osutec, Hanuliakovci, Babiakovci, Franti\u0161ek Mucha, Martin \u010cer\u0148ansk\u00fd a in\u00ed.<\/strong> Tie\u017e tane\u010dn\u00e9 z\u00e1bavy. Pri v\u0161etk\u00fdch podujatiach je ve\u013emi dobr\u00e1 atmosf\u00e9ra v kruhu z\u00e1bavn\u00fdch \u013eud\u00ed.<\/p>\n\n\n\n<p>Koliba nie je len centrom kult\u00farneho diania, ale aj t\u00fdm gurm\u00e1nskym. Pripravuj\u00fa sa tu r\u00f4zne druhy jed\u00e1l. Medzi tie tradi\u010dn\u00e9 patria pe\u010den\u00e9 kolen\u00e1 a pe\u010den\u00e9 rebr\u00e1, ktor\u00e9 s\u00fa pon\u00fakan\u00e9 za prijate\u013en\u00e9 ceny. Aj vychutn\u00e1va\u010di pizze tu n\u00e1jdu nie\u010do na svoj jazyk. V ponuke m\u00e1me nieko\u013eko druhov tejto talianskej poch\u00fa\u0165ky s volite\u013en\u00fdmi ingredienciami. Vypr\u00e1\u017ean\u00fd syr, reze\u0148 alebo rybie prsty s\u00fa \u010fal\u0161\u00edm prvkom n\u00e1\u0161ho jed\u00e1lneho l\u00edstky. Ponuka jed\u00e1l je obohaten\u00e1 o ponuku n\u00e1pojov. Od miner\u00e1lky cez pivo a\u017e po alkoholick\u00e9 n\u00e1poje.<\/p>\n<\/div>\n\n\n\n<div class=\"wp-block-column is-layout-flow wp-block-column-is-layout-flow\">\n<p>Na poschod\u00ed je miestnos\u0165 zariaden\u00e1 v po\u013eovn\u00edckom \u0161t\u00fdle. Je to faj\u010diarska miestnos\u0165, v ktorej si n\u00e1jde miesto predov\u0161etk\u00fdm mlad\u0161ia gener\u00e1cia. Mo\u017enos\u0165 sledovania TV.<\/p>\n\n\n\n<p>V tejto miestnosti je mo\u017en\u00e9 usporiada\u0165 <strong>rodinn\u00e9 oslavy, ako krstiny, stretnutia, oslavy naroden\u00edm, kary, s kapacitou 50 os\u00f4b<\/strong>.<\/p>\n\n\n\n<p>Koliba pon\u00faka posedenie na letnej terase. Kapacita miest je tam pre 30 \u013eud\u00ed. Nezab\u00fadame anina t\u00fdch najmen\u0161\u00edch pre ktor\u00fdch je na dvore detsk\u00e9 ihrisko, hojda\u010dky, pieskovisko.<\/p>\n\n\n\n<p>Possibility of grilling in the summer months.<\/p>\n\n\n\n<p><\/p>\n<\/div>\n<\/div>\n\n<\/div>\t\t\t<\/div>\t\n\t\t<\/section>\n\t\n\t\n\n\t\n\n\n\t\n    <section  class=\" container-carousel-gallery \">\n\t\t \n\t\t\t<div class=\"acf-texts\">\n\n<h2 class=\"wp-block-heading has-text-align-center\">Gallery<\/h2>\n\n<\/div>\t \n\n\t\t<div class=\"carousel-gallery\">\n\n\t\t\t\t<div class=\"swiper\">\n\t\t\t\t\t<div class=\"swiper-wrapper\">\n\t\t\t\t\t\t\t\t\t\t\t\t\t<div class=\"swiper-slide \">\n\t\t\t\t\t\t\t\t<div class=\"image\">\n\t\t\t\t\t\t\t\t\t<a href=\"#\" data-fancybox=\"gall\" data-src=\"https:\/\/www.kolibaklin.sk\/wp-content\/uploads\/2024\/08\/IMG_5124-768x511.jpg\">\n\n\t\t\t\t\t\t\t\t\t\t<img decoding=\"async\" class=\"cover-image\" src=\"https:\/\/www.kolibaklin.sk\/wp-content\/uploads\/2024\/08\/IMG_5124-768x511.jpg\" alt=\"\">\n\t\t\t\t\t\t\t\t\t\t\t\t\t\t\t\t\t\t\t\t<div class=\"overlay\"><\/div>\n\t\t\t\t\t\t\t\t\t<\/a>\n\t\t\t\t\t\t\t\t<\/div>\n\t\t\t\t\t\t\t<\/div>\n\t\t\t\t\t\t\t\t\t\t\t\t\t<div class=\"swiper-slide \">\n\t\t\t\t\t\t\t\t<div class=\"image\">\n\t\t\t\t\t\t\t\t\t<a href=\"#\" data-fancybox=\"gall\" data-src=\"https:\/\/www.kolibaklin.sk\/wp-content\/uploads\/2024\/08\/piza-768x720.png\">\n\n\t\t\t\t\t\t\t\t\t\t<img decoding=\"async\" class=\"cover-image\" src=\"https:\/\/www.kolibaklin.sk\/wp-content\/uploads\/2024\/08\/piza-768x720.png\" alt=\"\">\n\t\t\t\t\t\t\t\t\t\t\t\t\t\t\t\t\t\t\t\t<div class=\"overlay\"><\/div>\n\t\t\t\t\t\t\t\t\t<\/a>\n\t\t\t\t\t\t\t\t<\/div>\n\t\t\t\t\t\t\t<\/div>\n\t\t\t\t\t\t\t\t\t\t\t\t\t<div class=\"swiper-slide \">\n\t\t\t\t\t\t\t\t<div class=\"image\">\n\t\t\t\t\t\t\t\t\t<a href=\"#\" data-fancybox=\"gall\" data-src=\"https:\/\/www.kolibaklin.sk\/wp-content\/uploads\/2024\/08\/image1-768x701.jpg\">\n\n\t\t\t\t\t\t\t\t\t\t<img decoding=\"async\" class=\"cover-image\" src=\"https:\/\/www.kolibaklin.sk\/wp-content\/uploads\/2024\/08\/image1-768x701.jpg\" alt=\"\">\n\t\t\t\t\t\t\t\t\t\t\t\t\t\t\t\t\t\t\t\t<div class=\"overlay\"><\/div>\n\t\t\t\t\t\t\t\t\t<\/a>\n\t\t\t\t\t\t\t\t<\/div>\n\t\t\t\t\t\t\t<\/div>\n\t\t\t\t\t\t\t\t\t\t\t\t\t<div class=\"swiper-slide \">\n\t\t\t\t\t\t\t\t<div class=\"image\">\n\t\t\t\t\t\t\t\t\t<a href=\"#\" data-fancybox=\"gall\" data-src=\"https:\/\/www.kolibaklin.sk\/wp-content\/uploads\/2024\/08\/IMG_5197-768x511.jpg\">\n\n\t\t\t\t\t\t\t\t\t\t<img decoding=\"async\" class=\"cover-image\" src=\"https:\/\/www.kolibaklin.sk\/wp-content\/uploads\/2024\/08\/IMG_5197-768x511.jpg\" alt=\"Terasa 1\">\n\t\t\t\t\t\t\t\t\t\t<span class=\"caption\">Terasa 1<\/span>\t\t\t\t\t\t\t\t\t\t<div class=\"overlay\"><\/div>\n\t\t\t\t\t\t\t\t\t<\/a>\n\t\t\t\t\t\t\t\t<\/div>\n\t\t\t\t\t\t\t<\/div>\n\t\t\t\t\t\t\t\t\t\t\t\t\t<div class=\"swiper-slide \">\n\t\t\t\t\t\t\t\t<div class=\"image\">\n\t\t\t\t\t\t\t\t\t<a href=\"#\" data-fancybox=\"gall\" data-src=\"https:\/\/www.kolibaklin.sk\/wp-content\/uploads\/2024\/08\/Image-7-768x512.jpg\">\n\n\t\t\t\t\t\t\t\t\t\t<img decoding=\"async\" class=\"cover-image\" src=\"https:\/\/www.kolibaklin.sk\/wp-content\/uploads\/2024\/08\/Image-7-768x512.jpg\" alt=\"\">\n\t\t\t\t\t\t\t\t\t\t\t\t\t\t\t\t\t\t\t\t<div class=\"overlay\"><\/div>\n\t\t\t\t\t\t\t\t\t<\/a>\n\t\t\t\t\t\t\t\t<\/div>\n\t\t\t\t\t\t\t<\/div>\n\t\t\t\t\t\t\t\t\t\t\t<\/div> \n\t\t\t\t\t\n\t\t\t\t\t<div class=\"container-swiper-navigation   static\">\n\t\t\t\t\t\t<div class=\"swiper-button-prev\"><\/div>\n\t\t\t\t\t\t<!-- <div class=\"swiper-pagination\"><\/div> -->\n\t\t\t\t\t\t<div class=\"swiper-button-next\"><\/div>\n\t\t\t\t\t<\/div> \n\t\t\t\t<\/div>\n\t\t<\/div>\n\t\t\t\t\n\n\t<\/section>\n\t\t\n\t","protected":false},"excerpt":{"rendered":"","protected":false},"author":1,"featured_media":0,"parent":0,"menu_order":0,"comment_status":"closed","ping_status":"closed","template":"","meta":{"_acf_changed":false,"footnotes":""},"class_list":["post-433","page","type-page","status-publish","hentry"],"acf":[],"yoast_head":"<!-- This site is optimized with the Yoast SEO plugin v26.9 - https:\/\/yoast.com\/product\/yoast-seo-wordpress\/ -->\n<title>About us - Koliba Klin<\/title>\n<meta name=\"robots\" content=\"index, follow, max-snippet:-1, max-image-preview:large, max-video-preview:-1\" \/>\n<link rel=\"canonical\" href=\"https:\/\/www.kolibaklin.sk\/o-nas\/\" \/>\n<meta property=\"og:locale\" content=\"en_US\" \/>\n<meta property=\"og:type\" content=\"article\" \/>\n<meta property=\"og:title\" content=\"About us - Koliba Klin\" \/>\n<meta property=\"og:url\" content=\"https:\/\/www.kolibaklin.sk\/o-nas\/\" \/>\n<meta property=\"og:site_name\" content=\"Koliba Klin\" \/>\n<meta property=\"article:publisher\" content=\"https:\/\/www.facebook.com\/pizzeriakolibaklin\" \/>\n<meta property=\"article:modified_time\" content=\"2024-11-18T12:06:34+00:00\" \/>\n<meta property=\"og:image\" content=\"https:\/\/www.kolibaklin.sk\/wp-content\/uploads\/2024\/08\/DSC_9110.jpg\" \/>\n\t<meta property=\"og:image:width\" content=\"1514\" \/>\n\t<meta property=\"og:image:height\" content=\"1008\" \/>\n\t<meta property=\"og:image:type\" content=\"image\/jpeg\" \/>\n<meta name=\"twitter:card\" content=\"summary_large_image\" \/>\n<meta name=\"twitter:label1\" content=\"Est. reading time\" \/>\n\t<meta name=\"twitter:data1\" content=\"2 minutes\" \/>\n<script type=\"application\/ld+json\" class=\"yoast-schema-graph\">{\"@context\":\"https:\/\/schema.org\",\"@graph\":[{\"@type\":\"WebPage\",\"@id\":\"https:\/\/www.kolibaklin.sk\/o-nas\/\",\"url\":\"https:\/\/www.kolibaklin.sk\/o-nas\/\",\"name\":\"About us - Koliba Klin\",\"isPartOf\":{\"@id\":\"https:\/\/www.kolibaklin.sk\/en\/#website\"},\"datePublished\":\"2024-08-26T14:18:27+00:00\",\"dateModified\":\"2024-11-18T12:06:34+00:00\",\"breadcrumb\":{\"@id\":\"https:\/\/www.kolibaklin.sk\/o-nas\/#breadcrumb\"},\"inLanguage\":\"en-US\",\"potentialAction\":[{\"@type\":\"ReadAction\",\"target\":[\"https:\/\/www.kolibaklin.sk\/o-nas\/\"]}]},{\"@type\":\"BreadcrumbList\",\"@id\":\"https:\/\/www.kolibaklin.sk\/o-nas\/#breadcrumb\",\"itemListElement\":[{\"@type\":\"ListItem\",\"position\":1,\"name\":\"Domovsk\u00e1 str\u00e1nka\",\"item\":\"https:\/\/www.kolibaklin.sk\/en\/\"},{\"@type\":\"ListItem\",\"position\":2,\"name\":\"About us\"}]},{\"@type\":\"WebSite\",\"@id\":\"https:\/\/www.kolibaklin.sk\/en\/#website\",\"url\":\"https:\/\/www.kolibaklin.sk\/en\/\",\"name\":\"Koliba Klin\",\"description\":\"To najlep\u0161ie z tradi\u010dnej kuchyne\",\"publisher\":{\"@id\":\"https:\/\/www.kolibaklin.sk\/en\/#organization\"},\"potentialAction\":[{\"@type\":\"SearchAction\",\"target\":{\"@type\":\"EntryPoint\",\"urlTemplate\":\"https:\/\/www.kolibaklin.sk\/en\/?s={search_term_string}\"},\"query-input\":{\"@type\":\"PropertyValueSpecification\",\"valueRequired\":true,\"valueName\":\"search_term_string\"}}],\"inLanguage\":\"en-US\"},{\"@type\":\"Organization\",\"@id\":\"https:\/\/www.kolibaklin.sk\/en\/#organization\",\"name\":\"Koliba Klin\",\"url\":\"https:\/\/www.kolibaklin.sk\/en\/\",\"logo\":{\"@type\":\"ImageObject\",\"inLanguage\":\"en-US\",\"@id\":\"https:\/\/www.kolibaklin.sk\/en\/#\/schema\/logo\/image\/\",\"url\":\"https:\/\/www.kolibaklin.sk\/wp-content\/uploads\/2024\/11\/favicon-kolibaklin.png\",\"contentUrl\":\"https:\/\/www.kolibaklin.sk\/wp-content\/uploads\/2024\/11\/favicon-kolibaklin.png\",\"width\":98,\"height\":98,\"caption\":\"Koliba Klin\"},\"image\":{\"@id\":\"https:\/\/www.kolibaklin.sk\/en\/#\/schema\/logo\/image\/\"},\"sameAs\":[\"https:\/\/www.facebook.com\/pizzeriakolibaklin\",\"https:\/\/www.instagram.com\/kolibaklin\/\"]}]}<\/script>\n<!-- \/ Yoast SEO plugin. -->","yoast_head_json":{"title":"About us - Koliba Klin","robots":{"index":"index","follow":"follow","max-snippet":"max-snippet:-1","max-image-preview":"max-image-preview:large","max-video-preview":"max-video-preview:-1"},"canonical":"https:\/\/www.kolibaklin.sk\/o-nas\/","og_locale":"en_US","og_type":"article","og_title":"About us - Koliba Klin","og_url":"https:\/\/www.kolibaklin.sk\/o-nas\/","og_site_name":"Koliba Klin","article_publisher":"https:\/\/www.facebook.com\/pizzeriakolibaklin","article_modified_time":"2024-11-18T12:06:34+00:00","og_image":[{"width":1514,"height":1008,"url":"https:\/\/www.kolibaklin.sk\/wp-content\/uploads\/2024\/08\/DSC_9110.jpg","type":"image\/jpeg"}],"twitter_card":"summary_large_image","twitter_misc":{"Est. reading time":"2 minutes"},"schema":{"@context":"https:\/\/schema.org","@graph":[{"@type":"WebPage","@id":"https:\/\/www.kolibaklin.sk\/o-nas\/","url":"https:\/\/www.kolibaklin.sk\/o-nas\/","name":"About us - Koliba Klin","isPartOf":{"@id":"https:\/\/www.kolibaklin.sk\/en\/#website"},"datePublished":"2024-08-26T14:18:27+00:00","dateModified":"2024-11-18T12:06:34+00:00","breadcrumb":{"@id":"https:\/\/www.kolibaklin.sk\/o-nas\/#breadcrumb"},"inLanguage":"en-US","potentialAction":[{"@type":"ReadAction","target":["https:\/\/www.kolibaklin.sk\/o-nas\/"]}]},{"@type":"BreadcrumbList","@id":"https:\/\/www.kolibaklin.sk\/o-nas\/#breadcrumb","itemListElement":[{"@type":"ListItem","position":1,"name":"Domovsk\u00e1 str\u00e1nka","item":"https:\/\/www.kolibaklin.sk\/en\/"},{"@type":"ListItem","position":2,"name":"About us"}]},{"@type":"WebSite","@id":"https:\/\/www.kolibaklin.sk\/en\/#website","url":"https:\/\/www.kolibaklin.sk\/en\/","name":"Koliba Klin","description":"To najlep\u0161ie z tradi\u010dnej kuchyne","publisher":{"@id":"https:\/\/www.kolibaklin.sk\/en\/#organization"},"potentialAction":[{"@type":"SearchAction","target":{"@type":"EntryPoint","urlTemplate":"https:\/\/www.kolibaklin.sk\/en\/?s={search_term_string}"},"query-input":{"@type":"PropertyValueSpecification","valueRequired":true,"valueName":"search_term_string"}}],"inLanguage":"en-US"},{"@type":"Organization","@id":"https:\/\/www.kolibaklin.sk\/en\/#organization","name":"Koliba Klin","url":"https:\/\/www.kolibaklin.sk\/en\/","logo":{"@type":"ImageObject","inLanguage":"en-US","@id":"https:\/\/www.kolibaklin.sk\/en\/#\/schema\/logo\/image\/","url":"https:\/\/www.kolibaklin.sk\/wp-content\/uploads\/2024\/11\/favicon-kolibaklin.png","contentUrl":"https:\/\/www.kolibaklin.sk\/wp-content\/uploads\/2024\/11\/favicon-kolibaklin.png","width":98,"height":98,"caption":"Koliba Klin"},"image":{"@id":"https:\/\/www.kolibaklin.sk\/en\/#\/schema\/logo\/image\/"},"sameAs":["https:\/\/www.facebook.com\/pizzeriakolibaklin","https:\/\/www.instagram.com\/kolibaklin\/"]}]}},"_links":{"self":[{"href":"https:\/\/www.kolibaklin.sk\/en\/wp-json\/wp\/v2\/pages\/433","targetHints":{"allow":["GET"]}}],"collection":[{"href":"https:\/\/www.kolibaklin.sk\/en\/wp-json\/wp\/v2\/pages"}],"about":[{"href":"https:\/\/www.kolibaklin.sk\/en\/wp-json\/wp\/v2\/types\/page"}],"author":[{"embeddable":true,"href":"https:\/\/www.kolibaklin.sk\/en\/wp-json\/wp\/v2\/users\/1"}],"replies":[{"embeddable":true,"href":"https:\/\/www.kolibaklin.sk\/en\/wp-json\/wp\/v2\/comments?post=433"}],"version-history":[{"count":5,"href":"https:\/\/www.kolibaklin.sk\/en\/wp-json\/wp\/v2\/pages\/433\/revisions"}],"predecessor-version":[{"id":555,"href":"https:\/\/www.kolibaklin.sk\/en\/wp-json\/wp\/v2\/pages\/433\/revisions\/555"}],"wp:attachment":[{"href":"https:\/\/www.kolibaklin.sk\/en\/wp-json\/wp\/v2\/media?parent=433"}],"curies":[{"name":"wp","href":"https:\/\/api.w.org\/{rel}","templated":true}]}}