{"id":422,"date":"2024-08-26T16:18:56","date_gmt":"2024-08-26T14:18:56","guid":{"rendered":"https:\/\/www.kolibaklin.sk\/?page_id=422"},"modified":"2024-11-18T12:49:47","modified_gmt":"2024-11-18T11:49:47","slug":"okolie","status":"publish","type":"page","link":"https:\/\/www.kolibaklin.sk\/en\/okolie\/","title":{"rendered":"Surroudings"},"content":{"rendered":"\n\n\n\n\t\t<section class=\"section full-width  bg-transparent \">\n\t\t\t<div class=\"section-inner acf-texts\">\n\n<h2 class=\"wp-block-heading has-text-align-center is-style-default\">Surroundings<\/h2>\n\n\n\n\n\n\n\t\t<section class=\"textblock  bg-transparent has-image  imgalign-img_left \">\n\t\t\t<div class=\"inner\">\n\t\t\t\t\t\t\t\t\t<div class=\"tb-image \"> \n\t\t\t\t\t\t\t\n\t\t\t\t\t\t\t\t\t<a  class=\"image\" data-fancybox=\"gal\" href=\"https:\/\/www.kolibaklin.sk\/wp-content\/uploads\/2024\/08\/rio.jpg\" data-src=\"https:\/\/www.kolibaklin.sk\/wp-content\/uploads\/2024\/08\/rio.jpg\"><img decoding=\"async\" width=\"768\" height=\"437\" src=\"https:\/\/www.kolibaklin.sk\/wp-content\/uploads\/2024\/08\/rio-768x437.jpg\" class=\"cover-image\" alt=\"\" srcset=\"https:\/\/www.kolibaklin.sk\/wp-content\/uploads\/2024\/08\/rio-768x437.jpg 768w, https:\/\/www.kolibaklin.sk\/wp-content\/uploads\/2024\/08\/rio-300x171.jpg 300w, https:\/\/www.kolibaklin.sk\/wp-content\/uploads\/2024\/08\/rio-500x285.jpg 500w, https:\/\/www.kolibaklin.sk\/wp-content\/uploads\/2024\/08\/rio.jpg 790w\" sizes=\"(max-width: 768px) 100vw, 768px\" \/><span class=\"overlay\"><\/span><\/a>\t\t\t\t\t<\/div> \n\t\t\t\t\t\n\t\t\t\t\t\t\t\t<div class=\"acf-texts\">\n\n<h3 class=\"wp-block-heading is-style-heading-taged\">Rio de Klin<\/h3>\n\n\n\n<p>Klin is becoming known in Slovakia and abroad thanks to the faithful statue of Christ. The statue of Christ in Klinsk is a copy of the one in Rio, only it has smaller dimensions (9m height and 7m arms span). Work on the monument began in 2007 by the hands of folk carver Petr Ganobjak.<\/p>\n\n\n\n<p>The resulting work stretches its arms over Orava 686 meters above sea level. A statue of Pope John Paul II bows before her. in larger-than-life size, which was added in 2009. The Way of the Cross lines the wall under the statue. It also includes the Divine Mercy Chapel. With a charming view of the Orava hills and the dam, it is the best place to relax. Benches and lots of flowers and bushes encourage you to stop, pray and relax.<\/p>\n\n<\/div>\t\t\t<\/div>\t\n\t\t<\/section>\n\t\n\t\n\n\t\n\n\n<hr class=\"wp-block-separator has-alpha-channel-opacity\"\/>\n\n\n\n\n\n\n\t\t<section class=\"textblock  bg-transparent has-image  imgalign-img_right \">\n\t\t\t<div class=\"inner\">\n\t\t\t\t\t\t\t\t\t<div class=\"tb-image \"> \n\t\t\t\t\t\t\t\n\t\t\t\t\t\t\t\t\t<a  class=\"image\" data-fancybox=\"gal\" href=\"https:\/\/www.kolibaklin.sk\/wp-content\/uploads\/2024\/08\/oravskyhrad-1024x575.jpg\" data-src=\"https:\/\/www.kolibaklin.sk\/wp-content\/uploads\/2024\/08\/oravskyhrad-1024x575.jpg\"><img decoding=\"async\" width=\"768\" height=\"431\" src=\"https:\/\/www.kolibaklin.sk\/wp-content\/uploads\/2024\/08\/oravskyhrad-768x431.jpg\" class=\"cover-image\" alt=\"\" srcset=\"https:\/\/www.kolibaklin.sk\/wp-content\/uploads\/2024\/08\/oravskyhrad-768x431.jpg 768w, https:\/\/www.kolibaklin.sk\/wp-content\/uploads\/2024\/08\/oravskyhrad-300x169.jpg 300w, https:\/\/www.kolibaklin.sk\/wp-content\/uploads\/2024\/08\/oravskyhrad-1024x575.jpg 1024w, https:\/\/www.kolibaklin.sk\/wp-content\/uploads\/2024\/08\/oravskyhrad-1536x863.jpg 1536w, https:\/\/www.kolibaklin.sk\/wp-content\/uploads\/2024\/08\/oravskyhrad-2048x1150.jpg 2048w, https:\/\/www.kolibaklin.sk\/wp-content\/uploads\/2024\/08\/oravskyhrad-500x281.jpg 500w\" sizes=\"(max-width: 768px) 100vw, 768px\" \/><span class=\"overlay\"><\/span><\/a>\t\t\t\t\t<\/div> \n\t\t\t\t\t\n\t\t\t\t\t\t\t\t<div class=\"acf-texts\">\n\n<h3 class=\"wp-block-heading is-style-heading-taged\">Orava Castle<\/h3>\n\n\n\n<p>One of the biggest tourist attractions in northern Slovakia is Orava Castle, built on a rock above the Orava River in Orava Podz\u00e1mek as an &#8220;eagle&#8217;s nest&#8221;. The castle began to be built on the site of an old wooden castle after the Tatar invasion in 1241. The originally small fortress from the 13th century developed over the course of the following centuries into an extensive castle area, which today has 154 rooms. In the past, it was the county castle and seat of the Orava Castle Manor.<\/p>\n\n<\/div>\t\t\t<\/div>\t\n\t\t<\/section>\n\t\n\t\n\n\t\n\n\n<hr class=\"wp-block-separator has-alpha-channel-opacity\"\/>\n\n\n\n<div class=\"wp-block-columns is-style-has-column-image-separator is-layout-flex wp-container-core-columns-is-layout-28f84493 wp-block-columns-is-layout-flex\">\n<div class=\"wp-block-column is-layout-flow wp-block-column-is-layout-flow\">\n<h3 class=\"wp-block-heading\">History and art<\/h3>\n\n\n\n<figure class=\"wp-block-table\"><table class=\"has-fixed-layout\"><tbody><tr><td><strong>Orava Castle<\/strong><\/td><td class=\"has-text-align-right\" data-align=\"right\">22km<\/td><\/tr><tr><td><strong>Open-air museum Zuberec<\/strong><\/td><td class=\"has-text-align-right\" data-align=\"right\">37km<\/td><\/tr><tr><td><strong>Hviezdoslav&#8217;s Game Reserve<\/strong><\/td><td class=\"has-text-align-right\" data-align=\"right\">10 km<\/td><\/tr><tr><td><strong>Auschwitz \/PL\/<\/strong><\/td><td class=\"has-text-align-right\" data-align=\"right\">85km<\/td><\/tr><\/tbody><\/table><\/figure>\n\n\n\n<h3 class=\"wp-block-heading\">Swimming<\/h3>\n\n\n\n<figure class=\"wp-block-table\"><table class=\"has-fixed-layout\"><tbody><tr><td><strong>AquaRelax Dolny Kub\u00edn<\/strong><\/td><td class=\"has-text-align-right\" data-align=\"right\">42km<\/td><\/tr><tr><td><strong>Be\u0161e\u0148ov\u00e1&nbsp;<\/strong><\/td><td class=\"has-text-align-right\" data-align=\"right\">63km<\/td><\/tr><tr><td><strong>Oravice&nbsp;<\/strong><\/td><td class=\"has-text-align-right\" data-align=\"right\">40km<\/td><\/tr><tr><td><strong>Tatralandia&nbsp;<\/strong><\/td><td class=\"has-text-align-right\" data-align=\"right\">70km<\/td><\/tr><\/tbody><\/table><\/figure>\n<\/div>\n\n\n\n<div class=\"wp-block-column is-layout-flow wp-block-column-is-layout-flow\">\n<h3 class=\"wp-block-heading\">History and art<\/h3>\n\n\n\n<figure class=\"wp-block-table\"><table class=\"has-fixed-layout\"><tbody><tr><td><strong>The statue of Jesus in Klina<\/strong><\/td><td class=\"has-text-align-right\" data-align=\"right\">1 km<\/td><\/tr><tr><td><strong>Orava Dam<\/strong><\/td><td class=\"has-text-align-right\" data-align=\"right\">5 km<\/td><\/tr><tr><td><strong>Babia mountain<\/strong><\/td><td class=\"has-text-align-right\" data-align=\"right\">8 km<\/td><\/tr><tr><td><strong>\u0160\u00fatovsk\u00fd waterfall<\/strong><\/td><td class=\"has-text-align-right\" data-align=\"right\">60 km<\/td><\/tr><\/tbody><\/table><\/figure>\n\n\n\n<h3 class=\"wp-block-heading\">Skiing<\/h3>\n\n\n\n<figure class=\"wp-block-table\"><table class=\"has-fixed-layout\"><tbody><tr><td><strong>Pohoda Kru\u0161etnica<\/strong><\/td><td class=\"has-text-align-right\" data-align=\"right\">19 km<\/td><\/tr><tr><td><strong>Oravsk\u00e1 Lesn\u00e1<\/strong><\/td><td class=\"has-text-align-right\" data-align=\"right\">32 km<\/td><\/tr><tr><td><strong>Ni\u017en\u00e1 nad Oravou<\/strong><\/td><td class=\"has-text-align-right\" data-align=\"right\">23 km<\/td><\/tr><tr><td><strong>Zuberec&nbsp;<\/strong><\/td><td class=\"has-text-align-right\" data-align=\"right\">37 km<\/td><\/tr><\/tbody><\/table><\/figure>\n<\/div>\n<\/div>\n\n<\/div>\t\t<\/section>\n\t\n\n\n<p><\/p>\n","protected":false},"excerpt":{"rendered":"","protected":false},"author":1,"featured_media":0,"parent":0,"menu_order":0,"comment_status":"closed","ping_status":"closed","template":"","meta":{"_acf_changed":false,"footnotes":""},"class_list":["post-422","page","type-page","status-publish","hentry"],"acf":[],"yoast_head":"<!-- This site is optimized with the Yoast SEO plugin v26.9 - https:\/\/yoast.com\/product\/yoast-seo-wordpress\/ -->\n<title>Surroudings - Koliba Klin<\/title>\n<meta name=\"robots\" content=\"index, follow, max-snippet:-1, max-image-preview:large, max-video-preview:-1\" \/>\n<link rel=\"canonical\" href=\"https:\/\/www.kolibaklin.sk\/okolie\/\" \/>\n<meta property=\"og:locale\" content=\"en_US\" \/>\n<meta property=\"og:type\" content=\"article\" \/>\n<meta property=\"og:title\" content=\"Surroudings - Koliba Klin\" \/>\n<meta property=\"og:url\" content=\"https:\/\/www.kolibaklin.sk\/okolie\/\" \/>\n<meta property=\"og:site_name\" content=\"Koliba Klin\" \/>\n<meta property=\"article:publisher\" content=\"https:\/\/www.facebook.com\/pizzeriakolibaklin\" \/>\n<meta property=\"article:modified_time\" content=\"2024-11-18T11:49:47+00:00\" \/>\n<meta property=\"og:image\" content=\"https:\/\/www.kolibaklin.sk\/wp-content\/uploads\/2024\/08\/DSC_9110.jpg\" \/>\n\t<meta property=\"og:image:width\" content=\"1514\" \/>\n\t<meta property=\"og:image:height\" content=\"1008\" \/>\n\t<meta property=\"og:image:type\" content=\"image\/jpeg\" \/>\n<meta name=\"twitter:card\" content=\"summary_large_image\" \/>\n<meta name=\"twitter:label1\" content=\"Est. reading time\" \/>\n\t<meta name=\"twitter:data1\" content=\"1 minute\" \/>\n<script type=\"application\/ld+json\" class=\"yoast-schema-graph\">{\"@context\":\"https:\/\/schema.org\",\"@graph\":[{\"@type\":\"WebPage\",\"@id\":\"https:\/\/www.kolibaklin.sk\/okolie\/\",\"url\":\"https:\/\/www.kolibaklin.sk\/okolie\/\",\"name\":\"Surroudings - Koliba Klin\",\"isPartOf\":{\"@id\":\"https:\/\/www.kolibaklin.sk\/en\/#website\"},\"datePublished\":\"2024-08-26T14:18:56+00:00\",\"dateModified\":\"2024-11-18T11:49:47+00:00\",\"breadcrumb\":{\"@id\":\"https:\/\/www.kolibaklin.sk\/okolie\/#breadcrumb\"},\"inLanguage\":\"en-US\",\"potentialAction\":[{\"@type\":\"ReadAction\",\"target\":[\"https:\/\/www.kolibaklin.sk\/okolie\/\"]}]},{\"@type\":\"BreadcrumbList\",\"@id\":\"https:\/\/www.kolibaklin.sk\/okolie\/#breadcrumb\",\"itemListElement\":[{\"@type\":\"ListItem\",\"position\":1,\"name\":\"Domovsk\u00e1 str\u00e1nka\",\"item\":\"https:\/\/www.kolibaklin.sk\/en\/\"},{\"@type\":\"ListItem\",\"position\":2,\"name\":\"Surroudings\"}]},{\"@type\":\"WebSite\",\"@id\":\"https:\/\/www.kolibaklin.sk\/en\/#website\",\"url\":\"https:\/\/www.kolibaklin.sk\/en\/\",\"name\":\"Koliba Klin\",\"description\":\"To najlep\u0161ie z tradi\u010dnej kuchyne\",\"publisher\":{\"@id\":\"https:\/\/www.kolibaklin.sk\/en\/#organization\"},\"potentialAction\":[{\"@type\":\"SearchAction\",\"target\":{\"@type\":\"EntryPoint\",\"urlTemplate\":\"https:\/\/www.kolibaklin.sk\/en\/?s={search_term_string}\"},\"query-input\":{\"@type\":\"PropertyValueSpecification\",\"valueRequired\":true,\"valueName\":\"search_term_string\"}}],\"inLanguage\":\"en-US\"},{\"@type\":\"Organization\",\"@id\":\"https:\/\/www.kolibaklin.sk\/en\/#organization\",\"name\":\"Koliba Klin\",\"url\":\"https:\/\/www.kolibaklin.sk\/en\/\",\"logo\":{\"@type\":\"ImageObject\",\"inLanguage\":\"en-US\",\"@id\":\"https:\/\/www.kolibaklin.sk\/en\/#\/schema\/logo\/image\/\",\"url\":\"https:\/\/www.kolibaklin.sk\/wp-content\/uploads\/2024\/11\/favicon-kolibaklin.png\",\"contentUrl\":\"https:\/\/www.kolibaklin.sk\/wp-content\/uploads\/2024\/11\/favicon-kolibaklin.png\",\"width\":98,\"height\":98,\"caption\":\"Koliba Klin\"},\"image\":{\"@id\":\"https:\/\/www.kolibaklin.sk\/en\/#\/schema\/logo\/image\/\"},\"sameAs\":[\"https:\/\/www.facebook.com\/pizzeriakolibaklin\",\"https:\/\/www.instagram.com\/kolibaklin\/\"]}]}<\/script>\n<!-- \/ Yoast SEO plugin. -->","yoast_head_json":{"title":"Surroudings - Koliba Klin","robots":{"index":"index","follow":"follow","max-snippet":"max-snippet:-1","max-image-preview":"max-image-preview:large","max-video-preview":"max-video-preview:-1"},"canonical":"https:\/\/www.kolibaklin.sk\/okolie\/","og_locale":"en_US","og_type":"article","og_title":"Surroudings - Koliba Klin","og_url":"https:\/\/www.kolibaklin.sk\/okolie\/","og_site_name":"Koliba Klin","article_publisher":"https:\/\/www.facebook.com\/pizzeriakolibaklin","article_modified_time":"2024-11-18T11:49:47+00:00","og_image":[{"width":1514,"height":1008,"url":"https:\/\/www.kolibaklin.sk\/wp-content\/uploads\/2024\/08\/DSC_9110.jpg","type":"image\/jpeg"}],"twitter_card":"summary_large_image","twitter_misc":{"Est. reading time":"1 minute"},"schema":{"@context":"https:\/\/schema.org","@graph":[{"@type":"WebPage","@id":"https:\/\/www.kolibaklin.sk\/okolie\/","url":"https:\/\/www.kolibaklin.sk\/okolie\/","name":"Surroudings - Koliba Klin","isPartOf":{"@id":"https:\/\/www.kolibaklin.sk\/en\/#website"},"datePublished":"2024-08-26T14:18:56+00:00","dateModified":"2024-11-18T11:49:47+00:00","breadcrumb":{"@id":"https:\/\/www.kolibaklin.sk\/okolie\/#breadcrumb"},"inLanguage":"en-US","potentialAction":[{"@type":"ReadAction","target":["https:\/\/www.kolibaklin.sk\/okolie\/"]}]},{"@type":"BreadcrumbList","@id":"https:\/\/www.kolibaklin.sk\/okolie\/#breadcrumb","itemListElement":[{"@type":"ListItem","position":1,"name":"Domovsk\u00e1 str\u00e1nka","item":"https:\/\/www.kolibaklin.sk\/en\/"},{"@type":"ListItem","position":2,"name":"Surroudings"}]},{"@type":"WebSite","@id":"https:\/\/www.kolibaklin.sk\/en\/#website","url":"https:\/\/www.kolibaklin.sk\/en\/","name":"Koliba Klin","description":"To najlep\u0161ie z tradi\u010dnej kuchyne","publisher":{"@id":"https:\/\/www.kolibaklin.sk\/en\/#organization"},"potentialAction":[{"@type":"SearchAction","target":{"@type":"EntryPoint","urlTemplate":"https:\/\/www.kolibaklin.sk\/en\/?s={search_term_string}"},"query-input":{"@type":"PropertyValueSpecification","valueRequired":true,"valueName":"search_term_string"}}],"inLanguage":"en-US"},{"@type":"Organization","@id":"https:\/\/www.kolibaklin.sk\/en\/#organization","name":"Koliba Klin","url":"https:\/\/www.kolibaklin.sk\/en\/","logo":{"@type":"ImageObject","inLanguage":"en-US","@id":"https:\/\/www.kolibaklin.sk\/en\/#\/schema\/logo\/image\/","url":"https:\/\/www.kolibaklin.sk\/wp-content\/uploads\/2024\/11\/favicon-kolibaklin.png","contentUrl":"https:\/\/www.kolibaklin.sk\/wp-content\/uploads\/2024\/11\/favicon-kolibaklin.png","width":98,"height":98,"caption":"Koliba Klin"},"image":{"@id":"https:\/\/www.kolibaklin.sk\/en\/#\/schema\/logo\/image\/"},"sameAs":["https:\/\/www.facebook.com\/pizzeriakolibaklin","https:\/\/www.instagram.com\/kolibaklin\/"]}]}},"_links":{"self":[{"href":"https:\/\/www.kolibaklin.sk\/en\/wp-json\/wp\/v2\/pages\/422","targetHints":{"allow":["GET"]}}],"collection":[{"href":"https:\/\/www.kolibaklin.sk\/en\/wp-json\/wp\/v2\/pages"}],"about":[{"href":"https:\/\/www.kolibaklin.sk\/en\/wp-json\/wp\/v2\/types\/page"}],"author":[{"embeddable":true,"href":"https:\/\/www.kolibaklin.sk\/en\/wp-json\/wp\/v2\/users\/1"}],"replies":[{"embeddable":true,"href":"https:\/\/www.kolibaklin.sk\/en\/wp-json\/wp\/v2\/comments?post=422"}],"version-history":[{"count":5,"href":"https:\/\/www.kolibaklin.sk\/en\/wp-json\/wp\/v2\/pages\/422\/revisions"}],"predecessor-version":[{"id":537,"href":"https:\/\/www.kolibaklin.sk\/en\/wp-json\/wp\/v2\/pages\/422\/revisions\/537"}],"wp:attachment":[{"href":"https:\/\/www.kolibaklin.sk\/en\/wp-json\/wp\/v2\/media?parent=422"}],"curies":[{"name":"wp","href":"https:\/\/api.w.org\/{rel}","templated":true}]}}